{"id":3511,"date":"2017-11-16T14:57:13","date_gmt":"2017-11-16T14:57:13","guid":{"rendered":"http:\/\/baumeister.mikado-themes.com\/?page_id=51"},"modified":"2022-07-28T15:34:01","modified_gmt":"2022-07-28T20:34:01","slug":"contacto","status":"publish","type":"page","link":"https:\/\/ccsap.mx\/new\/contacto\/","title":{"rendered":"Contacto"},"content":{"rendered":"<p>[vc_row equal_height=&#8221;yes&#8221; content_placement=&#8221;middle&#8221; disable_element=&#8221;yes&#8221; css=&#8221;.vc_custom_1600374998477{margin-top: 5% !important;margin-right: 15% !important;margin-left: 15% !important;}&#8221;][vc_column width=&#8221;1\/5&#8243;]<div class=\"mkd-image-with-text-holder  mkd-has-shadow \">\n    <div class=\"mkd-iwt-image\">\n                                    <img loading=\"lazy\" decoding=\"async\" width=\"275\" height=\"400\" src=\"https:\/\/ccsap.mx\/new\/wp-content\/uploads\/2020\/08\/raul_islas_direccion_general.jpg\" class=\"attachment-large size-large\" alt=\"Raul islas direccion general\" srcset=\"https:\/\/ccsap.mx\/new\/wp-content\/uploads\/2020\/08\/raul_islas_direccion_general.jpg 275w, https:\/\/ccsap.mx\/new\/wp-content\/uploads\/2020\/08\/raul_islas_direccion_general-206x300.jpg 206w\" sizes=\"auto, (max-width: 275px) 100vw, 275px\" \/>                        <\/div>\n    <div class=\"mkd-iwt-text-holder\">\n                    <h4 class=\"mkd-iwt-title\" >Raul Islas Islas<\/h4>\n        \t\t            <p class=\"mkd-iwt-text\" >Direcci\u00f3n General<\/p>\n            <\/div>\n<\/div>[\/vc_column][vc_column width=&#8221;1\/5&#8243;]<div class=\"mkd-image-with-text-holder  mkd-has-shadow \">\n    <div class=\"mkd-iwt-image\">\n                                    <img loading=\"lazy\" decoding=\"async\" width=\"275\" height=\"400\" src=\"https:\/\/ccsap.mx\/new\/wp-content\/uploads\/2020\/08\/angelica_euran_flores_direccion_administrativa.jpg\" class=\"attachment-large size-large\" alt=\"\" srcset=\"https:\/\/ccsap.mx\/new\/wp-content\/uploads\/2020\/08\/angelica_euran_flores_direccion_administrativa.jpg 275w, https:\/\/ccsap.mx\/new\/wp-content\/uploads\/2020\/08\/angelica_euran_flores_direccion_administrativa-206x300.jpg 206w\" sizes=\"auto, (max-width: 275px) 100vw, 275px\" \/>                        <\/div>\n    <div class=\"mkd-iwt-text-holder\">\n                    <h4 class=\"mkd-iwt-title\" >Angelica Euran Flores<\/h4>\n        \t\t            <p class=\"mkd-iwt-text\" >Direcci\u00f3n Administrativa<\/p>\n            <\/div>\n<\/div>[\/vc_column][vc_column width=&#8221;1\/5&#8243;]<div class=\"mkd-image-with-text-holder   \">\n    <div class=\"mkd-iwt-image\">\n                                    <img loading=\"lazy\" decoding=\"async\" width=\"275\" height=\"400\" src=\"https:\/\/ccsap.mx\/new\/wp-content\/uploads\/2020\/08\/barbara_hidalgo_webperfil400x275.jpg\" class=\"attachment-large size-large\" alt=\"\" srcset=\"https:\/\/ccsap.mx\/new\/wp-content\/uploads\/2020\/08\/barbara_hidalgo_webperfil400x275.jpg 275w, https:\/\/ccsap.mx\/new\/wp-content\/uploads\/2020\/08\/barbara_hidalgo_webperfil400x275-206x300.jpg 206w\" sizes=\"auto, (max-width: 275px) 100vw, 275px\" \/>                        <\/div>\n    <div class=\"mkd-iwt-text-holder\">\n                    <h4 class=\"mkd-iwt-title\" >Barbara Hidalgo Flores<\/h4>\n        \t\t            <p class=\"mkd-iwt-text\" >Ventas<\/p>\n            <\/div>\n<\/div>[\/vc_column][vc_column width=&#8221;1\/5&#8243;]<div class=\"mkd-image-with-text-holder  mkd-has-shadow \">\n    <div class=\"mkd-iwt-image\">\n                                    <img loading=\"lazy\" decoding=\"async\" width=\"275\" height=\"400\" src=\"https:\/\/ccsap.mx\/new\/wp-content\/uploads\/2020\/08\/roberto_galvan_webperfil400x275.jpg\" class=\"attachment-large size-large\" alt=\"\" srcset=\"https:\/\/ccsap.mx\/new\/wp-content\/uploads\/2020\/08\/roberto_galvan_webperfil400x275.jpg 275w, https:\/\/ccsap.mx\/new\/wp-content\/uploads\/2020\/08\/roberto_galvan_webperfil400x275-206x300.jpg 206w\" sizes=\"auto, (max-width: 275px) 100vw, 275px\" \/>                        <\/div>\n    <div class=\"mkd-iwt-text-holder\">\n                    <h4 class=\"mkd-iwt-title\" >Roberto A. Galv\u00e1n<\/h4>\n        \t\t            <p class=\"mkd-iwt-text\" >Direcci\u00f3n General<\/p>\n            <\/div>\n<\/div>[\/vc_column][vc_column width=&#8221;1\/5&#8243;]<div class=\"mkd-image-with-text-holder  mkd-has-shadow \">\n    <div class=\"mkd-iwt-image\">\n                                    <img loading=\"lazy\" decoding=\"async\" width=\"275\" height=\"400\" src=\"https:\/\/ccsap.mx\/new\/wp-content\/uploads\/2020\/08\/ofelia-ramirezwebperfil_400x275.jpg\" class=\"attachment-large size-large\" alt=\"\" srcset=\"https:\/\/ccsap.mx\/new\/wp-content\/uploads\/2020\/08\/ofelia-ramirezwebperfil_400x275.jpg 275w, https:\/\/ccsap.mx\/new\/wp-content\/uploads\/2020\/08\/ofelia-ramirezwebperfil_400x275-206x300.jpg 206w\" sizes=\"auto, (max-width: 275px) 100vw, 275px\" \/>                        <\/div>\n    <div class=\"mkd-iwt-text-holder\">\n                    <h4 class=\"mkd-iwt-title\" >Ofelia Ram\u00edrez<\/h4>\n        \t\t    <\/div>\n<\/div>[\/vc_column][\/vc_row][vc_row row_content_width=&#8221;grid&#8221; content_text_aligment=&#8221;left&#8221; css=&#8221;.vc_custom_1512390687318{padding-top: 79px !important;padding-bottom: 72px !important;}&#8221; simple_background_color=&#8221;#ffffff&#8221;][vc_column offset=&#8221;vc_col-lg-offset-0 vc_col-lg-6 vc_col-md-offset-0 vc_col-md-12 vc_col-sm-offset-0 vc_col-xs-12&#8243;]<div class=\"mkd-elements-holder   mkd-one-column  mkd-responsive-mode-768 \" ><div class=\"mkd-eh-item    \"  data-item-class=\"mkd-eh-custom-5329\" data-768-1024=\"3px 0 73px 0\" data-680-768=\"3px 0 70px 0\" data-680=\"5px 0 75px 0\">\n\n\t<div class=\"mkd-eh-item-inner\">\n\n\t\t<div class=\"mkd-eh-item-content mkd-eh-custom-5329\" style=\"padding: 10px 0 0 0\">\n\t\t\t<div class=\"mkd-section-title-holder  mkd-st-standard mkd-st-title-left mkd-st-normal-space \" >\n\t<div class=\"mkd-st-inner\">\n\t\t\t\t\t<h3 class=\"mkd-st-title\" style=\"color: #1b1b1b\">\n\t\t\t\tComplete el formulario\t\t\t<\/h3>\n\t\t\t\t\t\t\t<p class=\"mkd-st-text\" style=\"line-height: 30px;margin-top: 34px\">\n\t\t\t\tSI DESEA SABER UN POCO M\u00c1S ACERCA DE NUESTROS SERVICIOS, SOLICITAR UNA COTIZACI\u00d3N O DESEA QUE LE HAGAMOS UNA VISITA, POR FAVOR LLENE EL SIGUIENTE FORMULARIO ESPECIFICANDO LAS NECESIDADES QUE REQUIERE, AS\u00cd COMO LE SOLICITAMOS NOS FACILITE SU CORREO ELECTR\u00d3NICO Y NUMERO TELEF\u00d3NICO.\t\t\t<\/p>\n\t\t\t<\/div>\n<\/div>[vc_empty_space height=&#8221;31&#8243;]<div class=\"mkd-iwt clearfix  mkd-iwt-icon-left mkd-iwt-icon-tiny\">\n\t<div class=\"mkd-iwt-icon\">\n\t\t\t\t\t<a itemprop=\"url\" href=\"#\" target=\"_self\">\n\t\t\t\t\t\t\t\t\t    <span class=\"mkd-icon-shortcode mkd-normal   mkd-icon-tiny\"  data-hover-color=\"#0099cc\" data-color=\"#003366\">\n                    <i class=\"mkd-icon-font-awesome fa fa-map-pin mkd-icon-element\" style=\"color: #003366\" ><\/i>            <\/span>\n\t\t\t\t\t\t\t\t<\/a>\n\t\t\t<\/div>\n\t<div class=\"mkd-iwt-content\" >\n\t\t\t\t\t\t\t<p class=\"mkd-iwt-text\" style=\"margin-top: 4px\">20 de enero #423 int. 4 Colonia Centro Le\u00f3n, Guanajuato.<\/p>\n\t\t\t<\/div>\n<\/div>[vc_empty_space height=&#8221;34&#8243;]<div class=\"mkd-iwt clearfix  mkd-iwt-icon-left mkd-iwt-icon-tiny\">\n\t<div class=\"mkd-iwt-icon\">\n\t\t\t\t\t<a itemprop=\"url\" href=\"#\" target=\"_self\">\n\t\t\t\t\t\t\t\t\t    <span class=\"mkd-icon-shortcode mkd-normal   mkd-icon-tiny\"  data-hover-color=\"#0099cc\" data-color=\"#003366\">\n                    <i class=\"mkd-icon-font-awesome fa fa-phone mkd-icon-element\" style=\"color: #003366\" ><\/i>            <\/span>\n\t\t\t\t\t\t\t\t<\/a>\n\t\t\t<\/div>\n\t<div class=\"mkd-iwt-content\" >\n\t\t\t\t\t\t\t<p class=\"mkd-iwt-text\" style=\"color: #8b8b8b;margin-top: 4px\">477 713 2576 \/ 477 716 2834 \/ 477 258 7165<\/p>\n\t\t\t<\/div>\n<\/div>[vc_empty_space height=&#8221;33&#8243;]<div class=\"mkd-iwt clearfix  mkd-iwt-icon-left mkd-iwt-icon-tiny\">\n\t<div class=\"mkd-iwt-icon\">\n\t\t\t\t\t<a itemprop=\"url\" href=\"mailto:ventas@ccsap.com.mx\" target=\"_self\">\n\t\t\t\t\t\t\t\t\t    <span class=\"mkd-icon-shortcode mkd-normal   mkd-icon-tiny\"  data-hover-color=\"#0099cc\" data-color=\"#003366\">\n                    <i class=\"mkd-icon-font-awesome fa fa-envelope mkd-icon-element\" style=\"color: #003366\" ><\/i>            <\/span>\n\t\t\t\t\t\t\t\t<\/a>\n\t\t\t<\/div>\n\t<div class=\"mkd-iwt-content\" >\n\t\t\t\t\t\t\t<p class=\"mkd-iwt-text\" style=\"margin-top: 4px\">ventas@ccsap.com.mx<\/p>\n\t\t\t<\/div>\n<\/div>\t\t<\/div>\n\n\t<\/div>\n\n    <\/div><\/div>[\/vc_column][vc_column offset=&#8221;vc_col-lg-offset-0 vc_col-lg-6 vc_col-md-offset-0 vc_col-md-12 vc_col-sm-offset-0 vc_col-xs-12&#8243; css=&#8221;.vc_custom_1511429433464{padding-top: 21px !important;}&#8221;]\n<div class=\"wpcf7 no-js\" id=\"wpcf7-f4-o1\" lang=\"en-US\" dir=\"ltr\" data-wpcf7-id=\"4\">\n<div class=\"screen-reader-response\"><p role=\"status\" aria-live=\"polite\" aria-atomic=\"true\"><\/p> <ul><\/ul><\/div>\n<form action=\"\/new\/wp-json\/wp\/v2\/pages\/3511#wpcf7-f4-o1\" method=\"post\" class=\"wpcf7-form init cf7_custom_style_2\" aria-label=\"Contact form\" novalidate=\"novalidate\" data-status=\"init\">\n<fieldset class=\"hidden-fields-container\"><input type=\"hidden\" name=\"_wpcf7\" value=\"4\" \/><input type=\"hidden\" name=\"_wpcf7_version\" value=\"6.1.5\" \/><input type=\"hidden\" name=\"_wpcf7_locale\" value=\"en_US\" \/><input type=\"hidden\" name=\"_wpcf7_unit_tag\" value=\"wpcf7-f4-o1\" \/><input type=\"hidden\" name=\"_wpcf7_container_post\" value=\"0\" \/><input type=\"hidden\" name=\"_wpcf7_posted_data_hash\" value=\"\" \/><input type=\"hidden\" name=\"_wpcf7_recaptcha_response\" value=\"\" \/>\n<\/fieldset>\n<div>\n\t<div class=\"mkd-grid-row mkd-grid-tiny-gutter\">\n\t\t<div class=\"mkd-grid-col-6\">\n\t\t\t<p><span class=\"wpcf7-form-control-wrap\" data-name=\"text\"><input size=\"40\" maxlength=\"400\" class=\"wpcf7-form-control wpcf7-text wpcf7-validates-as-required\" aria-required=\"true\" aria-invalid=\"false\" placeholder=\"Nombre\" value=\"\" type=\"text\" name=\"text\" \/><\/span>\n\t\t\t<\/p>\n\t\t<\/div>\n\t<\/div>\n\t<div class=\"mkd-grid-row\">\n\t\t<div class=\"mkd-grid-col-12\">\n\t\t\t<p><span class=\"wpcf7-form-control-wrap\" data-name=\"email\"><input size=\"40\" maxlength=\"400\" class=\"wpcf7-form-control wpcf7-email wpcf7-validates-as-required wpcf7-text wpcf7-validates-as-email\" aria-required=\"true\" aria-invalid=\"false\" placeholder=\"Email\" value=\"\" type=\"email\" name=\"email\" \/><\/span>\n\t\t\t<\/p>\n\t\t<\/div>\n\t<\/div>\n\t<div class=\"mkd-grid-row\">\n\t\t<div class=\"mkd-grid-col-12\">\n\t\t\t<p><span class=\"wpcf7-form-control-wrap\" data-name=\"textarea\"><textarea cols=\"40\" rows=\"10\" maxlength=\"2000\" class=\"wpcf7-form-control wpcf7-textarea\" aria-invalid=\"false\" placeholder=\"Mensaje\" name=\"textarea\"><\/textarea><\/span>\n\t\t\t<\/p>\n\t\t<\/div>\n\t<\/div>\n\t<div class=\"mkd-grid-row\">\n\t\t<div class=\"mkd-grid-col-12\">\n\t\t\t<p><input class=\"wpcf7-form-control wpcf7-submit has-spinner\" type=\"submit\" value=\"Enviar\" \/>\n\t\t\t<\/p>\n\t\t<\/div>\n\t<\/div>\n<\/div><div class=\"wpcf7-response-output\" aria-hidden=\"true\"><\/div>\n<\/form>\n<\/div>\n[\/vc_column][\/vc_row][vc_row][vc_column][vc_raw_html]JTNDaWZyYW1lJTIwc3JjJTNEJTIyaHR0cHMlM0ElMkYlMkZ3d3cuZ29vZ2xlLmNvbSUyRm1hcHMlMkZlbWJlZCUzRnBiJTNEJTIxMW0xOCUyMTFtMTIlMjExbTMlMjExZDM3MjEuNjEzODUxMzMwMTMwMyUyMTJkLTEwMS42ODQwNjAxODQ3NDY4NCUyMTNkMjEuMTI3OTU1Nzg1OTQ0NzQyJTIxMm0zJTIxMWYwJTIxMmYwJTIxM2YwJTIxM20yJTIxMWkxMDI0JTIxMmk3NjglMjE0ZjEzLjElMjEzbTMlMjExbTIlMjExczB4ODQyYmJmMGQ3YWU3ZmQ0MSUyNTNBMHg2NGQ4YmIyMzlmMjI1MjJiJTIxMnNDQ1NBUCUyMTVlMCUyMTNtMiUyMTFzZXMlMjEyc214JTIxNHYxNTk4NTU5MTA5MTg2JTIxNW0yJTIxMXNlcyUyMTJzbXglMjIlMjB3aWR0aCUzRCUyMjE5MDAlMjIlMjBoZWlnaHQlM0QlMjIzNTAlMjIlMjBmcmFtZWJvcmRlciUzRCUyMjAlMjIlMjBzdHlsZSUzRCUyMmJvcmRlciUzQTAlM0IlMjIlMjBhbGxvd2Z1bGxzY3JlZW4lM0QlMjIlMjIlMjBhcmlhLWhpZGRlbiUzRCUyMmZhbHNlJTIyJTIwdGFiaW5kZXglM0QlMjIwJTIyJTNFJTNDJTJGaWZyYW1lJTNF[\/vc_raw_html][\/vc_column][\/vc_row]<\/p>\n","protected":false},"excerpt":{"rendered":"[vc_row equal_height=&#8221;yes&#8221; content_placement=&#8221;middle&#8221; disable_element=&#8221;yes&#8221; css=&#8221;.vc_custom_1600374998477{margin-top: 5% !important;margin-right: 15% !important;margin-left: 15% !important;}&#8221;][vc_column width=&#8221;1\/5&#8243;][\/vc_column][vc_column width=&#8221;1\/5&#8243;][\/vc_column][vc_column width=&#8221;1\/5&#8243;][\/vc_column][vc_column width=&#8221;1\/5&#8243;][\/vc_column][vc_column width=&#8221;1\/5&#8243;][\/vc_column][\/vc_row][vc_row row_content_width=&#8221;grid&#8221; content_text_aligment=&#8221;left&#8221; css=&#8221;.vc_custom_1512390687318{padding-top: 79px !important;padding-bottom: 72px !important;}&#8221; simple_background_color=&#8221;#ffffff&#8221;][vc_column offset=&#8221;vc_col-lg-offset-0 vc_col-lg-6 vc_col-md-offset-0 vc_col-md-12 vc_col-sm-offset-0 vc_col-xs-12&#8243;][\/vc_column][vc_column offset=&#8221;vc_col-lg-offset-0 vc_col-lg-6 vc_col-md-offset-0 vc_col-md-12 vc_col-sm-offset-0 vc_col-xs-12&#8243; css=&#8221;.vc_custom_1511429433464{padding-top: 21px !important;}&#8221;][\/vc_column][\/vc_row][vc_row][vc_column][vc_raw_html]JTNDaWZyYW1lJTIwc3JjJTNEJTIyaHR0cHMlM0ElMkYlMkZ3d3cuZ29vZ2xlLmNvbSUyRm1hcHMlMkZlbWJlZCUzRnBiJTNEJTIxMW0xOCUyMTFtMTIlMjExbTMlMjExZDM3MjEuNjEzODUxMzMwMTMwMyUyMTJkLTEwMS42ODQwNjAxODQ3NDY4NCUyMTNkMjEuMTI3OTU1Nzg1OTQ0NzQyJTIxMm0zJTIxMWYwJTIxMmYwJTIxM2YwJTIxM20yJTIxMWkxMDI0JTIxMmk3NjglMjE0ZjEzLjElMjEzbTMlMjExbTIlMjExczB4ODQyYmJmMGQ3YWU3ZmQ0MSUyNTNBMHg2NGQ4YmIyMzlmMjI1MjJiJTIxMnNDQ1NBUCUyMTVlMCUyMTNtMiUyMTFzZXMlMjEyc214JTIxNHYxNTk4NTU5MTA5MTg2JTIxNW0yJTIxMXNlcyUyMTJzbXglMjIlMjB3aWR0aCUzRCUyMjE5MDAlMjIlMjBoZWlnaHQlM0QlMjIzNTAlMjIlMjBmcmFtZWJvcmRlciUzRCUyMjAlMjIlMjBzdHlsZSUzRCUyMmJvcmRlciUzQTAlM0IlMjIlMjBhbGxvd2Z1bGxzY3JlZW4lM0QlMjIlMjIlMjBhcmlhLWhpZGRlbiUzRCUyMmZhbHNlJTIyJTIwdGFiaW5kZXglM0QlMjIwJTIyJTNFJTNDJTJGaWZyYW1lJTNF[\/vc_raw_html][\/vc_column][\/vc_row]","protected":false},"author":3,"featured_media":0,"parent":0,"menu_order":0,"comment_status":"closed","ping_status":"closed","template":"full-width.php","meta":{"footnotes":""},"class_list":["post-3511","page","type-page","status-publish","hentry"],"yoast_head":"<!-- This site is optimized with the Yoast SEO plugin v24.0 - https:\/\/yoast.com\/wordpress\/plugins\/seo\/ -->\n<title>Contacto &#8211; CCSAP - Consultor\u00eda y Capacitaci\u00f3n en Seguridad y Salud Aplicada<\/title>\n<meta name=\"robots\" content=\"index, follow, max-snippet:-1, max-image-preview:large, max-video-preview:-1\" \/>\n<link rel=\"canonical\" href=\"https:\/\/ccsap.mx\/new\/contacto\/\" \/>\n<meta property=\"og:locale\" content=\"es_MX\" \/>\n<meta property=\"og:type\" content=\"article\" \/>\n<meta property=\"og:title\" content=\"Contacto &#8211; CCSAP - Consultor\u00eda y Capacitaci\u00f3n en Seguridad y Salud Aplicada\" \/>\n<meta property=\"og:description\" content=\"[vc_row equal_height=&#8221;yes&#8221; content_placement=&#8221;middle&#8221; disable_element=&#8221;yes&#8221; css=&#8221;.vc_custom_1600374998477{margin-top: 5% !important;margin-right: 15% !important;margin-left: 15% !important;}&#8221;][vc_column width=&#8221;1\/5&#8243;][\/vc_column][vc_column width=&#8221;1\/5&#8243;][\/vc_column][vc_column width=&#8221;1\/5&#8243;][\/vc_column][vc_column width=&#8221;1\/5&#8243;][\/vc_column][vc_column width=&#8221;1\/5&#8243;][\/vc_column][\/vc_row][vc_row row_content_width=&#8221;grid&#8221; content_text_aligment=&#8221;left&#8221; css=&#8221;.vc_custom_1512390687318{padding-top: 79px !important;padding-bottom: 72px !important;}&#8221; simple_background_color=&#8221;#ffffff&#8221;][vc_column offset=&#8221;vc_col-lg-offset-0 vc_col-lg-6 vc_col-md-offset-0 vc_col-md-12 vc_col-sm-offset-0 vc_col-xs-12&#8243;][\/vc_column][vc_column offset=&#8221;vc_col-lg-offset-0 vc_col-lg-6 vc_col-md-offset-0 vc_col-md-12 vc_col-sm-offset-0 vc_col-xs-12&#8243; css=&#8221;.vc_custom_1511429433464{padding-top: 21px !important;}&#8221;][\/vc_column][\/vc_row][vc_row][vc_column][vc_raw_html]JTNDaWZyYW1lJTIwc3JjJTNEJTIyaHR0cHMlM0ElMkYlMkZ3d3cuZ29vZ2xlLmNvbSUyRm1hcHMlMkZlbWJlZCUzRnBiJTNEJTIxMW0xOCUyMTFtMTIlMjExbTMlMjExZDM3MjEuNjEzODUxMzMwMTMwMyUyMTJkLTEwMS42ODQwNjAxODQ3NDY4NCUyMTNkMjEuMTI3OTU1Nzg1OTQ0NzQyJTIxMm0zJTIxMWYwJTIxMmYwJTIxM2YwJTIxM20yJTIxMWkxMDI0JTIxMmk3NjglMjE0ZjEzLjElMjEzbTMlMjExbTIlMjExczB4ODQyYmJmMGQ3YWU3ZmQ0MSUyNTNBMHg2NGQ4YmIyMzlmMjI1MjJiJTIxMnNDQ1NBUCUyMTVlMCUyMTNtMiUyMTFzZXMlMjEyc214JTIxNHYxNTk4NTU5MTA5MTg2JTIxNW0yJTIxMXNlcyUyMTJzbXglMjIlMjB3aWR0aCUzRCUyMjE5MDAlMjIlMjBoZWlnaHQlM0QlMjIzNTAlMjIlMjBmcmFtZWJvcmRlciUzRCUyMjAlMjIlMjBzdHlsZSUzRCUyMmJvcmRlciUzQTAlM0IlMjIlMjBhbGxvd2Z1bGxzY3JlZW4lM0QlMjIlMjIlMjBhcmlhLWhpZGRlbiUzRCUyMmZhbHNlJTIyJTIwdGFiaW5kZXglM0QlMjIwJTIyJTNFJTNDJTJGaWZyYW1lJTNF[\/vc_raw_html][\/vc_column][\/vc_row]\" \/>\n<meta property=\"og:url\" content=\"https:\/\/ccsap.mx\/new\/contacto\/\" \/>\n<meta property=\"og:site_name\" content=\"CCSAP - Consultor\u00eda y Capacitaci\u00f3n en Seguridad y Salud Aplicada\" \/>\n<meta property=\"article:publisher\" content=\"https:\/\/www.facebook.com\/CCSAPConsultoria.Capacitacion\" \/>\n<meta property=\"article:modified_time\" content=\"2022-07-28T20:34:01+00:00\" \/>\n<meta name=\"twitter:card\" content=\"summary_large_image\" \/>\n<meta name=\"twitter:label1\" content=\"Tiempo de lectura\" \/>\n\t<meta name=\"twitter:data1\" content=\"1 minuto\" \/>\n<script type=\"application\/ld+json\" class=\"yoast-schema-graph\">{\"@context\":\"https:\/\/schema.org\",\"@graph\":[{\"@type\":\"WebPage\",\"@id\":\"https:\/\/ccsap.mx\/new\/contacto\/\",\"url\":\"https:\/\/ccsap.mx\/new\/contacto\/\",\"name\":\"Contacto &#8211; CCSAP - Consultor\u00eda y Capacitaci\u00f3n en Seguridad y Salud Aplicada\",\"isPartOf\":{\"@id\":\"https:\/\/ccsap.mx\/new\/#website\"},\"datePublished\":\"2017-11-16T14:57:13+00:00\",\"dateModified\":\"2022-07-28T20:34:01+00:00\",\"breadcrumb\":{\"@id\":\"https:\/\/ccsap.mx\/new\/contacto\/#breadcrumb\"},\"inLanguage\":\"es\",\"potentialAction\":[{\"@type\":\"ReadAction\",\"target\":[\"https:\/\/ccsap.mx\/new\/contacto\/\"]}]},{\"@type\":\"BreadcrumbList\",\"@id\":\"https:\/\/ccsap.mx\/new\/contacto\/#breadcrumb\",\"itemListElement\":[{\"@type\":\"ListItem\",\"position\":1,\"name\":\"Inicio\",\"item\":\"https:\/\/ccsap.mx\/new\/\"},{\"@type\":\"ListItem\",\"position\":2,\"name\":\"Contacto\"}]},{\"@type\":\"WebSite\",\"@id\":\"https:\/\/ccsap.mx\/new\/#website\",\"url\":\"https:\/\/ccsap.mx\/new\/\",\"name\":\"CCSAP - Consultor\u00eda y Capacitaci\u00f3n en Seguridad y Salud Aplicada\",\"description\":\"Consultor\u00eda y Capacitaci\u00f3n en Seguridad y Salud Aplicada\",\"publisher\":{\"@id\":\"https:\/\/ccsap.mx\/new\/#organization\"},\"potentialAction\":[{\"@type\":\"SearchAction\",\"target\":{\"@type\":\"EntryPoint\",\"urlTemplate\":\"https:\/\/ccsap.mx\/new\/?s={search_term_string}\"},\"query-input\":{\"@type\":\"PropertyValueSpecification\",\"valueRequired\":true,\"valueName\":\"search_term_string\"}}],\"inLanguage\":\"es\"},{\"@type\":\"Organization\",\"@id\":\"https:\/\/ccsap.mx\/new\/#organization\",\"name\":\"CCSAP - Consultor\u00eda y capacitaci\u00f3n en seguridad y salud aplicada\",\"url\":\"https:\/\/ccsap.mx\/new\/\",\"logo\":{\"@type\":\"ImageObject\",\"inLanguage\":\"es\",\"@id\":\"https:\/\/ccsap.mx\/new\/#\/schema\/logo\/image\/\",\"url\":\"https:\/\/ccsap.mx\/new\/wp-content\/uploads\/2020\/09\/logo-footer.png\",\"contentUrl\":\"https:\/\/ccsap.mx\/new\/wp-content\/uploads\/2020\/09\/logo-footer.png\",\"width\":284,\"height\":64,\"caption\":\"CCSAP - Consultor\u00eda y capacitaci\u00f3n en seguridad y salud aplicada\"},\"image\":{\"@id\":\"https:\/\/ccsap.mx\/new\/#\/schema\/logo\/image\/\"},\"sameAs\":[\"https:\/\/www.facebook.com\/CCSAPConsultoria.Capacitacion\",\"https:\/\/www.instagram.com\/ccsapmx\/\"]}]}<\/script>\n<!-- \/ Yoast SEO plugin. -->","yoast_head_json":{"title":"Contacto &#8211; CCSAP - Consultor\u00eda y Capacitaci\u00f3n en Seguridad y Salud Aplicada","robots":{"index":"index","follow":"follow","max-snippet":"max-snippet:-1","max-image-preview":"max-image-preview:large","max-video-preview":"max-video-preview:-1"},"canonical":"https:\/\/ccsap.mx\/new\/contacto\/","og_locale":"es_MX","og_type":"article","og_title":"Contacto &#8211; CCSAP - Consultor\u00eda y Capacitaci\u00f3n en Seguridad y Salud Aplicada","og_description":"[vc_row equal_height=&#8221;yes&#8221; content_placement=&#8221;middle&#8221; disable_element=&#8221;yes&#8221; css=&#8221;.vc_custom_1600374998477{margin-top: 5% !important;margin-right: 15% !important;margin-left: 15% !important;}&#8221;][vc_column width=&#8221;1\/5&#8243;][\/vc_column][vc_column width=&#8221;1\/5&#8243;][\/vc_column][vc_column width=&#8221;1\/5&#8243;][\/vc_column][vc_column width=&#8221;1\/5&#8243;][\/vc_column][vc_column width=&#8221;1\/5&#8243;][\/vc_column][\/vc_row][vc_row row_content_width=&#8221;grid&#8221; content_text_aligment=&#8221;left&#8221; css=&#8221;.vc_custom_1512390687318{padding-top: 79px !important;padding-bottom: 72px !important;}&#8221; simple_background_color=&#8221;#ffffff&#8221;][vc_column offset=&#8221;vc_col-lg-offset-0 vc_col-lg-6 vc_col-md-offset-0 vc_col-md-12 vc_col-sm-offset-0 vc_col-xs-12&#8243;][\/vc_column][vc_column offset=&#8221;vc_col-lg-offset-0 vc_col-lg-6 vc_col-md-offset-0 vc_col-md-12 vc_col-sm-offset-0 vc_col-xs-12&#8243; css=&#8221;.vc_custom_1511429433464{padding-top: 21px !important;}&#8221;][\/vc_column][\/vc_row][vc_row][vc_column][vc_raw_html]JTNDaWZyYW1lJTIwc3JjJTNEJTIyaHR0cHMlM0ElMkYlMkZ3d3cuZ29vZ2xlLmNvbSUyRm1hcHMlMkZlbWJlZCUzRnBiJTNEJTIxMW0xOCUyMTFtMTIlMjExbTMlMjExZDM3MjEuNjEzODUxMzMwMTMwMyUyMTJkLTEwMS42ODQwNjAxODQ3NDY4NCUyMTNkMjEuMTI3OTU1Nzg1OTQ0NzQyJTIxMm0zJTIxMWYwJTIxMmYwJTIxM2YwJTIxM20yJTIxMWkxMDI0JTIxMmk3NjglMjE0ZjEzLjElMjEzbTMlMjExbTIlMjExczB4ODQyYmJmMGQ3YWU3ZmQ0MSUyNTNBMHg2NGQ4YmIyMzlmMjI1MjJiJTIxMnNDQ1NBUCUyMTVlMCUyMTNtMiUyMTFzZXMlMjEyc214JTIxNHYxNTk4NTU5MTA5MTg2JTIxNW0yJTIxMXNlcyUyMTJzbXglMjIlMjB3aWR0aCUzRCUyMjE5MDAlMjIlMjBoZWlnaHQlM0QlMjIzNTAlMjIlMjBmcmFtZWJvcmRlciUzRCUyMjAlMjIlMjBzdHlsZSUzRCUyMmJvcmRlciUzQTAlM0IlMjIlMjBhbGxvd2Z1bGxzY3JlZW4lM0QlMjIlMjIlMjBhcmlhLWhpZGRlbiUzRCUyMmZhbHNlJTIyJTIwdGFiaW5kZXglM0QlMjIwJTIyJTNFJTNDJTJGaWZyYW1lJTNF[\/vc_raw_html][\/vc_column][\/vc_row]","og_url":"https:\/\/ccsap.mx\/new\/contacto\/","og_site_name":"CCSAP - Consultor\u00eda y Capacitaci\u00f3n en Seguridad y Salud Aplicada","article_publisher":"https:\/\/www.facebook.com\/CCSAPConsultoria.Capacitacion","article_modified_time":"2022-07-28T20:34:01+00:00","twitter_card":"summary_large_image","twitter_misc":{"Tiempo de lectura":"1 minuto"},"schema":{"@context":"https:\/\/schema.org","@graph":[{"@type":"WebPage","@id":"https:\/\/ccsap.mx\/new\/contacto\/","url":"https:\/\/ccsap.mx\/new\/contacto\/","name":"Contacto &#8211; CCSAP - Consultor\u00eda y Capacitaci\u00f3n en Seguridad y Salud Aplicada","isPartOf":{"@id":"https:\/\/ccsap.mx\/new\/#website"},"datePublished":"2017-11-16T14:57:13+00:00","dateModified":"2022-07-28T20:34:01+00:00","breadcrumb":{"@id":"https:\/\/ccsap.mx\/new\/contacto\/#breadcrumb"},"inLanguage":"es","potentialAction":[{"@type":"ReadAction","target":["https:\/\/ccsap.mx\/new\/contacto\/"]}]},{"@type":"BreadcrumbList","@id":"https:\/\/ccsap.mx\/new\/contacto\/#breadcrumb","itemListElement":[{"@type":"ListItem","position":1,"name":"Inicio","item":"https:\/\/ccsap.mx\/new\/"},{"@type":"ListItem","position":2,"name":"Contacto"}]},{"@type":"WebSite","@id":"https:\/\/ccsap.mx\/new\/#website","url":"https:\/\/ccsap.mx\/new\/","name":"CCSAP - Consultor\u00eda y Capacitaci\u00f3n en Seguridad y Salud Aplicada","description":"Consultor\u00eda y Capacitaci\u00f3n en Seguridad y Salud Aplicada","publisher":{"@id":"https:\/\/ccsap.mx\/new\/#organization"},"potentialAction":[{"@type":"SearchAction","target":{"@type":"EntryPoint","urlTemplate":"https:\/\/ccsap.mx\/new\/?s={search_term_string}"},"query-input":{"@type":"PropertyValueSpecification","valueRequired":true,"valueName":"search_term_string"}}],"inLanguage":"es"},{"@type":"Organization","@id":"https:\/\/ccsap.mx\/new\/#organization","name":"CCSAP - Consultor\u00eda y capacitaci\u00f3n en seguridad y salud aplicada","url":"https:\/\/ccsap.mx\/new\/","logo":{"@type":"ImageObject","inLanguage":"es","@id":"https:\/\/ccsap.mx\/new\/#\/schema\/logo\/image\/","url":"https:\/\/ccsap.mx\/new\/wp-content\/uploads\/2020\/09\/logo-footer.png","contentUrl":"https:\/\/ccsap.mx\/new\/wp-content\/uploads\/2020\/09\/logo-footer.png","width":284,"height":64,"caption":"CCSAP - Consultor\u00eda y capacitaci\u00f3n en seguridad y salud aplicada"},"image":{"@id":"https:\/\/ccsap.mx\/new\/#\/schema\/logo\/image\/"},"sameAs":["https:\/\/www.facebook.com\/CCSAPConsultoria.Capacitacion","https:\/\/www.instagram.com\/ccsapmx\/"]}]}},"_links":{"self":[{"href":"https:\/\/ccsap.mx\/new\/wp-json\/wp\/v2\/pages\/3511","targetHints":{"allow":["GET"]}}],"collection":[{"href":"https:\/\/ccsap.mx\/new\/wp-json\/wp\/v2\/pages"}],"about":[{"href":"https:\/\/ccsap.mx\/new\/wp-json\/wp\/v2\/types\/page"}],"author":[{"embeddable":true,"href":"https:\/\/ccsap.mx\/new\/wp-json\/wp\/v2\/users\/3"}],"replies":[{"embeddable":true,"href":"https:\/\/ccsap.mx\/new\/wp-json\/wp\/v2\/comments?post=3511"}],"version-history":[{"count":27,"href":"https:\/\/ccsap.mx\/new\/wp-json\/wp\/v2\/pages\/3511\/revisions"}],"predecessor-version":[{"id":4788,"href":"https:\/\/ccsap.mx\/new\/wp-json\/wp\/v2\/pages\/3511\/revisions\/4788"}],"wp:attachment":[{"href":"https:\/\/ccsap.mx\/new\/wp-json\/wp\/v2\/media?parent=3511"}],"curies":[{"name":"wp","href":"https:\/\/api.w.org\/{rel}","templated":true}]}}