{"id":521,"date":"2017-11-21T13:55:01","date_gmt":"2017-11-21T13:55:01","guid":{"rendered":"http:\/\/baumeister.mikado-themes.com\/?page_id=521"},"modified":"2020-10-23T12:45:43","modified_gmt":"2020-10-23T17:45:43","slug":"informacion_de_empresa_de_capacitacion","status":"publish","type":"page","link":"https:\/\/ccsap.mx\/new\/informacion_de_empresa_de_capacitacion\/","title":{"rendered":"Somos"},"content":{"rendered":"<p>[vc_row parallax_background_image=&#8221;4689&#8243; parallax_bg_speed=&#8221;1.5&#8243; css=&#8221;.vc_custom_1603400544612{padding-top: 140px !important;padding-bottom: 150px !important;}&#8221;][vc_column offset=&#8221;vc_col-lg-offset-0 vc_col-lg-5 vc_col-md-offset-0 vc_col-md-6 vc_col-sm-offset-0 vc_col-xs-12&#8243;]<div class=\"mkd-elements-holder   mkd-one-column  mkd-responsive-mode-768 \" ><div class=\"mkd-eh-item    \"  data-item-class=\"mkd-eh-custom-6103\" data-1280-1600=\"53px 19% 89px 11%\" data-1024-1280=\"0px 4% 31px 16%\" data-768-1024=\"38px 0% 56px 24.5%\" data-680-768=\"1px 37% 0px 10%\" data-680=\"0px 1% 0px 4.5%\">\n\n\t<div class=\"mkd-eh-item-inner\">\n\n\t\t<div class=\"mkd-eh-item-content mkd-eh-custom-6103\" style=\"padding: 45px 10% 88px 39%\">\n\t\t\t<div class=\"mkd-section-title-holder  mkd-st-standard mkd-st-title-left mkd-st-normal-space \" >\n\t<div class=\"mkd-st-inner\">\n\t\t\t\t\t<\/div>\n<\/div>[vc_empty_space height=&#8221;40&#8243;]\t\t<\/div>\n\n\t<\/div>\n\n    <\/div><\/div>[\/vc_column][\/vc_row][vc_row equal_height=&#8221;yes&#8221; content_text_aligment=&#8221;left&#8221; simple_background_color=&#8221;#24272a&#8221;][vc_column offset=&#8221;vc_col-lg-offset-0 vc_col-lg-4 vc_col-md-offset-0 vc_col-sm-offset-0&#8243; css=&#8221;.vc_custom_1597860744379{border-right-width: -10% !important;}&#8221;]<div class=\"mkd-elements-holder   mkd-one-column  mkd-responsive-mode-768 \" ><div class=\"mkd-eh-item    \" style=\"background-color: #24272a\" data-item-class=\"mkd-eh-custom-5202\" data-1280-1600=\"387px 15% 405px 14%\" data-1024-1280=\"387px 6% 405px 20.5%\" data-768-1024=\"102px 58% 122px 12.5%\" data-680-768=\"102px 47% 122px 11%\" data-680=\"106px 5% 123px\">\n\n\t<div class=\"mkd-eh-item-inner\">\n\n\t\t<div class=\"mkd-eh-item-content mkd-eh-custom-5202\" style=\"padding: 50px 3% 100px 10%\">\n\t\t\t<div class=\"mkd-section-title-holder  mkd-st-standard mkd-st-title-left mkd-st-normal-space \" style=\"text-align: left\">\n\t<div class=\"mkd-st-inner\">\n\t\t\t\t\t<h2 class=\"mkd-st-title\" style=\"color: #ffffff\">\n\t\t\t\tSomos Consultor\u00eda y capacitaci\u00f3n en seguridad y salud aplicada.\t\t\t<\/h2>\n\t\t\t\t\t\t\t<p class=\"mkd-st-text\" style=\"line-height: 30px;margin-top: 30px\">\n\t\t\t\tSolucionamos los accidentes en el trabajo, capacitando a nuestro personal, en temas como la seguridad y salud de los posibles accidentes laborales y de rescate.\t\t\t<\/p>\n\t\t\t<\/div>\n<\/div>\t\t<\/div>\n\n\t<\/div>\n\n    <\/div><\/div>[\/vc_column][vc_column offset=&#8221;vc_col-lg-offset-0 vc_col-lg-8 vc_col-md-offset-0 vc_col-sm-offset-0 vc_col-xs-12&#8243; css=&#8221;.vc_custom_1511340999306{padding-right: 0px !important;padding-left: 0px !important;}&#8221;]<div class=\"mkd-elements-holder   mkd-one-column  mkd-responsive-mode-768 \" ><div class=\"mkd-eh-item    \" style=\"background-color: #0099cc\" data-item-class=\"mkd-eh-custom-1759\" data-1280-1600=\"111px 15% 131px 18.5%\" data-1024-1280=\"111px 11% 131px 14%\" data-768-1024=\"111px 21% 131px 27%\" data-680-768=\"0px 42% 131px 12.2%\" data-680=\"0px 6% 131px 9.5%\">\n\n\t<div class=\"mkd-eh-item-inner\">\n\n\t\t<div class=\"mkd-eh-item-content mkd-eh-custom-1759\" style=\"padding: 100px 23% 131px 40%\">\n\t\t\t<div class=\"mkd-section-title-holder  mkd-st-standard mkd-st-title-left mkd-st-normal-space \" style=\"text-align: left\">\n\t<div class=\"mkd-st-inner\">\n\t\t\t\t\t<h3 class=\"mkd-st-title\" style=\"color: #ffffff\">\n\t\t\t\tValores\t\t\t<\/h3>\n\t\t\t\t\t\t\t<p class=\"mkd-st-text\" style=\"color: #ffffff;line-height: 30px;margin-top: 20px\">\n\t\t\t\tNuestros Valores est\u00e1n basados en: Actitud, Trabajo en equipo, Calidad, Respeto, Responsabilidad, Profesionalismo.\t\t\t<\/p>\n\t\t\t<\/div>\n<\/div>[vc_empty_space height=&#8221;40&#8243;]\t\t<\/div>\n\n\t<\/div>\n\n    <\/div><\/div>[\/vc_column][\/vc_row][vc_row equal_height=&#8221;yes&#8221; content_placement=&#8221;middle&#8221;][vc_column width=&#8221;2\/3&#8243;]<div class=\"mkd-elements-holder   mkd-one-column  mkd-responsive-mode-768 \" ><div class=\"mkd-eh-item    \" style=\"background-image: url()\" data-item-class=\"mkd-eh-custom-8210\" data-1280-1600=\"111px 15% 131px 18.5%\" data-1024-1280=\"111px 11% 131px 14%\" data-768-1024=\"111px 21% 131px 27%\" data-680-768=\"111px 42% 131px 12.2%\" data-680=\"111px 6% 131px 9.5%\">\n\n\t<div class=\"mkd-eh-item-inner\">\n\n\t\t<div class=\"mkd-eh-item-content mkd-eh-custom-8210\" style=\"padding: 111px 23% 131px 26%\">\n\t\t\t<div class=\"mkd-section-title-holder  mkd-st-standard mkd-st-title-left mkd-st-normal-space \" style=\"text-align: left\">\n\t<div class=\"mkd-st-inner\">\n\t\t\t\t\t<h2 class=\"mkd-st-title\" style=\"color: #0a0a0a\">\n\t\t\t\tMisi\u00f3n\t\t\t<\/h2>\n\t\t\t\t\t\t\t<p class=\"mkd-st-text\" style=\"line-height: 30px;margin-top: 20px\">\n\t\t\t\tGenerar programas de capacitaci\u00f3n continua en materia de Protecci\u00f3n Civil, particularmente en la atenci\u00f3n Pre-hospitalaria, para que personas entrenadas brinden atenci\u00f3n a v\u00edctimas lesionadas y enfermas en establecimientos de alto, mediando o bajo riesgo. Logrando as\u00ed la sobrevida de todo paciente que reciba la atenci\u00f3n oportuna y adecuada.\t\t\t<\/p>\n\t\t\t<\/div>\n<\/div>[vc_empty_space height=&#8221;40&#8243;]\t\t<\/div>\n\n\t<\/div>\n\n    <\/div><\/div>[\/vc_column][vc_column width=&#8221;1\/3&#8243;]<div class=\"mkd-elements-holder   mkd-one-column  mkd-responsive-mode-768 \" ><div class=\"mkd-eh-item   mkd-horizontal-alignment-center \" style=\"background-color: #2e3338\" data-item-class=\"mkd-eh-custom-7209\">\n\n\t<div class=\"mkd-eh-item-inner\">\n\n\t\t<div class=\"mkd-eh-item-content mkd-eh-custom-7209\" >\n\t\t\t[vc_images_carousel images=&#8221;4715,4716&#8243; img_size=&#8221;full&#8221; onclick=&#8221;link_no&#8221; speed=&#8221;3000&#8243; autoplay=&#8221;yes&#8221; wrap=&#8221;yes&#8221;]\t\t<\/div>\n\n\t<\/div>\n\n    <\/div><\/div>[\/vc_column][\/vc_row][vc_row][vc_column width=&#8221;1\/3&#8243; css=&#8221;.vc_custom_1603474834170{background-color: #2e3338 !important;}&#8221;]<div class=\"mkd-elements-holder   mkd-one-column  mkd-responsive-mode-768 \" ><div class=\"mkd-eh-item  mkd-vertical-alignment-top mkd-horizontal-alignment-center \" style=\"background-color: #2e3338\" data-item-class=\"mkd-eh-custom-3102\">\n\n\t<div class=\"mkd-eh-item-inner\">\n\n\t\t<div class=\"mkd-eh-item-content mkd-eh-custom-3102\" >\n\t\t\t[vc_images_carousel images=&#8221;4717,4722&#8243; img_size=&#8221;full&#8221; onclick=&#8221;link_no&#8221; speed=&#8221;3000&#8243; autoplay=&#8221;yes&#8221; wrap=&#8221;yes&#8221;]\t\t<\/div>\n\n\t<\/div>\n\n    <\/div><\/div>[\/vc_column][vc_column width=&#8221;2\/3&#8243; css=&#8221;.vc_custom_1603474775732{background-color: #2e3338 !important;}&#8221;]<div class=\"mkd-elements-holder   mkd-two-columns  mkd-responsive-mode-768 \" ><div class=\"mkd-eh-item   mkd-horizontal-alignment-center \" style=\"background-color: #2e3338\" data-item-class=\"mkd-eh-custom-9874\" data-1280-1600=\"111px 15% 131px 18.5%\" data-1024-1280=\"111px 11% 131px 14%\" data-768-1024=\"111px 22% 131px 24%\" data-680-768=\"111px 42% 114px 12.2%\" data-680=\"111px 6% 114px 9.5%\">\n\n\t<div class=\"mkd-eh-item-inner\">\n\n\t\t<div class=\"mkd-eh-item-content mkd-eh-custom-9874\" style=\"padding: 150px 10% 180px 26%\">\n\t\t\t<div class=\"mkd-section-title-holder  mkd-st-standard mkd-st-title-left mkd-st-normal-space \" style=\"text-align: left\">\n\t<div class=\"mkd-st-inner\">\n\t\t\t\t\t<h3 class=\"mkd-st-title\" style=\"color: #ffffff\">\n\t\t\t\tVisi\u00f3n\t\t\t<\/h3>\n\t\t\t\t\t\t\t<p class=\"mkd-st-text\" style=\"line-height: 30px;margin-top: 20px\">\n\t\t\t\tSer la firma de consultor\u00eda m\u00e1s reconocida a nivel nacional en el \u00e1mbito de Seguridad Laboral por la calidad de sus servicios, la profesionalizaci\u00f3n de su personal de trabajo y un gran impacto en la prevenci\u00f3n de accidentes; utilizando para ello todas las l\u00edneas de servicio con que cuenta CCSAP, siendo \u00e9stas: Capacitaci\u00f3n y Consultor\u00eda en Seguridad Laboral, Protecci\u00f3n Civil y An\u00e1lisis de Riesgos.\t\t\t<\/p>\n\t\t\t<\/div>\n<\/div>[vc_empty_space height=&#8221;40&#8243;]\t\t<\/div>\n\n\t<\/div>\n\n    <\/div><\/div>[\/vc_column][\/vc_row][vc_row content_placement=&#8221;middle&#8221; content_text_aligment=&#8221;center&#8221;][vc_column offset=&#8221;vc_col-lg-offset-0 vc_col-md-offset-0 vc_col-sm-offset-0 vc_col-xs-12&#8243;]<a itemprop=\"url\" href=\"https:\/\/ccsap.mx\/new\/contacto\" target=\"_self\"  class=\"mkd-btn mkd-btn-full-width mkd-btn-solid mkd-btn-custom-hover-bg mkd-btn-custom-hover-color\" >\n    <span class=\"mkd-btn-text\" style=\"color: #ffffff;background-color: #0099cc;font-size: 60px;font-family: Oswald;letter-spacing: 0;height: 200px\" data-hover-color=\"#003399\" data-hover-bg-color=\"#003399\">Cont\u00e1ctanos<\/span>\n    <span class=\"mkd-btn-icon\" ><\/span>\n<\/a>[\/vc_column][\/vc_row]<\/p>\n","protected":false},"excerpt":{"rendered":"[vc_row parallax_background_image=&#8221;4689&#8243; parallax_bg_speed=&#8221;1.5&#8243; css=&#8221;.vc_custom_1603400544612{padding-top: 140px !important;padding-bottom: 150px !important;}&#8221;][vc_column offset=&#8221;vc_col-lg-offset-0 vc_col-lg-5 vc_col-md-offset-0 vc_col-md-6 vc_col-sm-offset-0 vc_col-xs-12&#8243;][\/vc_column][\/vc_row][vc_row equal_height=&#8221;yes&#8221; content_text_aligment=&#8221;left&#8221; simple_background_color=&#8221;#24272a&#8221;][vc_column offset=&#8221;vc_col-lg-offset-0 vc_col-lg-4 vc_col-md-offset-0 vc_col-sm-offset-0&#8243; css=&#8221;.vc_custom_1597860744379{border-right-width: -10% !important;}&#8221;][\/vc_column][vc_column offset=&#8221;vc_col-lg-offset-0 vc_col-lg-8 vc_col-md-offset-0 vc_col-sm-offset-0 vc_col-xs-12&#8243; css=&#8221;.vc_custom_1511340999306{padding-right: 0px !important;padding-left: 0px !important;}&#8221;][\/vc_column][\/vc_row][vc_row equal_height=&#8221;yes&#8221; content_placement=&#8221;middle&#8221;][vc_column width=&#8221;2\/3&#8243;][\/vc_column][vc_column width=&#8221;1\/3&#8243;][\/vc_column][\/vc_row][vc_row][vc_column width=&#8221;1\/3&#8243; css=&#8221;.vc_custom_1603474834170{background-color: #2e3338 !important;}&#8221;][\/vc_column][vc_column width=&#8221;2\/3&#8243; [&hellip;]","protected":false},"author":3,"featured_media":0,"parent":0,"menu_order":0,"comment_status":"closed","ping_status":"closed","template":"full-width.php","meta":{"footnotes":""},"class_list":["post-521","page","type-page","status-publish","hentry"],"yoast_head":"<!-- This site is optimized with the Yoast SEO plugin v24.0 - https:\/\/yoast.com\/wordpress\/plugins\/seo\/ -->\n<title>Somos Consultoria y Capacitacion CCSAP - Consultor\u00eda y Capacitaci\u00f3n en Seguridad y Salud Aplicada<\/title>\n<meta name=\"robots\" content=\"index, follow, max-snippet:-1, max-image-preview:large, max-video-preview:-1\" \/>\n<link rel=\"canonical\" href=\"https:\/\/ccsap.mx\/new\/informacion_de_empresa_de_capacitacion\/\" \/>\n<meta property=\"og:locale\" content=\"es_MX\" \/>\n<meta property=\"og:type\" content=\"article\" \/>\n<meta property=\"og:title\" content=\"Somos Consultoria y Capacitacion CCSAP - Consultor\u00eda y Capacitaci\u00f3n en Seguridad y Salud Aplicada\" \/>\n<meta property=\"og:description\" content=\"[vc_row parallax_background_image=&#8221;4689&#8243; parallax_bg_speed=&#8221;1.5&#8243; css=&#8221;.vc_custom_1603400544612{padding-top: 140px !important;padding-bottom: 150px !important;}&#8221;][vc_column offset=&#8221;vc_col-lg-offset-0 vc_col-lg-5 vc_col-md-offset-0 vc_col-md-6 vc_col-sm-offset-0 vc_col-xs-12&#8243;][\/vc_column][\/vc_row][vc_row equal_height=&#8221;yes&#8221; content_text_aligment=&#8221;left&#8221; simple_background_color=&#8221;#24272a&#8221;][vc_column offset=&#8221;vc_col-lg-offset-0 vc_col-lg-4 vc_col-md-offset-0 vc_col-sm-offset-0&#8243; css=&#8221;.vc_custom_1597860744379{border-right-width: -10% !important;}&#8221;][\/vc_column][vc_column offset=&#8221;vc_col-lg-offset-0 vc_col-lg-8 vc_col-md-offset-0 vc_col-sm-offset-0 vc_col-xs-12&#8243; css=&#8221;.vc_custom_1511340999306{padding-right: 0px !important;padding-left: 0px !important;}&#8221;][\/vc_column][\/vc_row][vc_row equal_height=&#8221;yes&#8221; content_placement=&#8221;middle&#8221;][vc_column width=&#8221;2\/3&#8243;][\/vc_column][vc_column width=&#8221;1\/3&#8243;][\/vc_column][\/vc_row][vc_row][vc_column width=&#8221;1\/3&#8243; css=&#8221;.vc_custom_1603474834170{background-color: #2e3338 !important;}&#8221;][\/vc_column][vc_column width=&#8221;2\/3&#8243; [&hellip;]\" \/>\n<meta property=\"og:url\" content=\"https:\/\/ccsap.mx\/new\/informacion_de_empresa_de_capacitacion\/\" \/>\n<meta property=\"og:site_name\" content=\"CCSAP - Consultor\u00eda y Capacitaci\u00f3n en Seguridad y Salud Aplicada\" \/>\n<meta property=\"article:publisher\" content=\"https:\/\/www.facebook.com\/CCSAPConsultoria.Capacitacion\" \/>\n<meta property=\"article:modified_time\" content=\"2020-10-23T17:45:43+00:00\" \/>\n<meta name=\"twitter:card\" content=\"summary_large_image\" \/>\n<meta name=\"twitter:label1\" content=\"Tiempo de lectura\" \/>\n\t<meta name=\"twitter:data1\" content=\"5 minutos\" \/>\n<script type=\"application\/ld+json\" class=\"yoast-schema-graph\">{\"@context\":\"https:\/\/schema.org\",\"@graph\":[{\"@type\":\"WebPage\",\"@id\":\"https:\/\/ccsap.mx\/new\/informacion_de_empresa_de_capacitacion\/\",\"url\":\"https:\/\/ccsap.mx\/new\/informacion_de_empresa_de_capacitacion\/\",\"name\":\"Somos Consultoria y Capacitacion CCSAP - Consultor\u00eda y Capacitaci\u00f3n en Seguridad y Salud Aplicada\",\"isPartOf\":{\"@id\":\"https:\/\/ccsap.mx\/new\/#website\"},\"datePublished\":\"2017-11-21T13:55:01+00:00\",\"dateModified\":\"2020-10-23T17:45:43+00:00\",\"breadcrumb\":{\"@id\":\"https:\/\/ccsap.mx\/new\/informacion_de_empresa_de_capacitacion\/#breadcrumb\"},\"inLanguage\":\"es\",\"potentialAction\":[{\"@type\":\"ReadAction\",\"target\":[\"https:\/\/ccsap.mx\/new\/informacion_de_empresa_de_capacitacion\/\"]}]},{\"@type\":\"BreadcrumbList\",\"@id\":\"https:\/\/ccsap.mx\/new\/informacion_de_empresa_de_capacitacion\/#breadcrumb\",\"itemListElement\":[{\"@type\":\"ListItem\",\"position\":1,\"name\":\"Inicio\",\"item\":\"https:\/\/ccsap.mx\/new\/\"},{\"@type\":\"ListItem\",\"position\":2,\"name\":\"Somos\"}]},{\"@type\":\"WebSite\",\"@id\":\"https:\/\/ccsap.mx\/new\/#website\",\"url\":\"https:\/\/ccsap.mx\/new\/\",\"name\":\"CCSAP - Consultor\u00eda y Capacitaci\u00f3n en Seguridad y Salud Aplicada\",\"description\":\"Consultor\u00eda y Capacitaci\u00f3n en Seguridad y Salud Aplicada\",\"publisher\":{\"@id\":\"https:\/\/ccsap.mx\/new\/#organization\"},\"potentialAction\":[{\"@type\":\"SearchAction\",\"target\":{\"@type\":\"EntryPoint\",\"urlTemplate\":\"https:\/\/ccsap.mx\/new\/?s={search_term_string}\"},\"query-input\":{\"@type\":\"PropertyValueSpecification\",\"valueRequired\":true,\"valueName\":\"search_term_string\"}}],\"inLanguage\":\"es\"},{\"@type\":\"Organization\",\"@id\":\"https:\/\/ccsap.mx\/new\/#organization\",\"name\":\"CCSAP - Consultor\u00eda y capacitaci\u00f3n en seguridad y salud aplicada\",\"url\":\"https:\/\/ccsap.mx\/new\/\",\"logo\":{\"@type\":\"ImageObject\",\"inLanguage\":\"es\",\"@id\":\"https:\/\/ccsap.mx\/new\/#\/schema\/logo\/image\/\",\"url\":\"https:\/\/ccsap.mx\/new\/wp-content\/uploads\/2020\/09\/logo-footer.png\",\"contentUrl\":\"https:\/\/ccsap.mx\/new\/wp-content\/uploads\/2020\/09\/logo-footer.png\",\"width\":284,\"height\":64,\"caption\":\"CCSAP - Consultor\u00eda y capacitaci\u00f3n en seguridad y salud aplicada\"},\"image\":{\"@id\":\"https:\/\/ccsap.mx\/new\/#\/schema\/logo\/image\/\"},\"sameAs\":[\"https:\/\/www.facebook.com\/CCSAPConsultoria.Capacitacion\",\"https:\/\/www.instagram.com\/ccsapmx\/\"]}]}<\/script>\n<!-- \/ Yoast SEO plugin. -->","yoast_head_json":{"title":"Somos Consultoria y Capacitacion CCSAP - Consultor\u00eda y Capacitaci\u00f3n en Seguridad y Salud Aplicada","robots":{"index":"index","follow":"follow","max-snippet":"max-snippet:-1","max-image-preview":"max-image-preview:large","max-video-preview":"max-video-preview:-1"},"canonical":"https:\/\/ccsap.mx\/new\/informacion_de_empresa_de_capacitacion\/","og_locale":"es_MX","og_type":"article","og_title":"Somos Consultoria y Capacitacion CCSAP - Consultor\u00eda y Capacitaci\u00f3n en Seguridad y Salud Aplicada","og_description":"[vc_row parallax_background_image=&#8221;4689&#8243; parallax_bg_speed=&#8221;1.5&#8243; css=&#8221;.vc_custom_1603400544612{padding-top: 140px !important;padding-bottom: 150px !important;}&#8221;][vc_column offset=&#8221;vc_col-lg-offset-0 vc_col-lg-5 vc_col-md-offset-0 vc_col-md-6 vc_col-sm-offset-0 vc_col-xs-12&#8243;][\/vc_column][\/vc_row][vc_row equal_height=&#8221;yes&#8221; content_text_aligment=&#8221;left&#8221; simple_background_color=&#8221;#24272a&#8221;][vc_column offset=&#8221;vc_col-lg-offset-0 vc_col-lg-4 vc_col-md-offset-0 vc_col-sm-offset-0&#8243; css=&#8221;.vc_custom_1597860744379{border-right-width: -10% !important;}&#8221;][\/vc_column][vc_column offset=&#8221;vc_col-lg-offset-0 vc_col-lg-8 vc_col-md-offset-0 vc_col-sm-offset-0 vc_col-xs-12&#8243; css=&#8221;.vc_custom_1511340999306{padding-right: 0px !important;padding-left: 0px !important;}&#8221;][\/vc_column][\/vc_row][vc_row equal_height=&#8221;yes&#8221; content_placement=&#8221;middle&#8221;][vc_column width=&#8221;2\/3&#8243;][\/vc_column][vc_column width=&#8221;1\/3&#8243;][\/vc_column][\/vc_row][vc_row][vc_column width=&#8221;1\/3&#8243; css=&#8221;.vc_custom_1603474834170{background-color: #2e3338 !important;}&#8221;][\/vc_column][vc_column width=&#8221;2\/3&#8243; [&hellip;]","og_url":"https:\/\/ccsap.mx\/new\/informacion_de_empresa_de_capacitacion\/","og_site_name":"CCSAP - Consultor\u00eda y Capacitaci\u00f3n en Seguridad y Salud Aplicada","article_publisher":"https:\/\/www.facebook.com\/CCSAPConsultoria.Capacitacion","article_modified_time":"2020-10-23T17:45:43+00:00","twitter_card":"summary_large_image","twitter_misc":{"Tiempo de lectura":"5 minutos"},"schema":{"@context":"https:\/\/schema.org","@graph":[{"@type":"WebPage","@id":"https:\/\/ccsap.mx\/new\/informacion_de_empresa_de_capacitacion\/","url":"https:\/\/ccsap.mx\/new\/informacion_de_empresa_de_capacitacion\/","name":"Somos Consultoria y Capacitacion CCSAP - Consultor\u00eda y Capacitaci\u00f3n en Seguridad y Salud Aplicada","isPartOf":{"@id":"https:\/\/ccsap.mx\/new\/#website"},"datePublished":"2017-11-21T13:55:01+00:00","dateModified":"2020-10-23T17:45:43+00:00","breadcrumb":{"@id":"https:\/\/ccsap.mx\/new\/informacion_de_empresa_de_capacitacion\/#breadcrumb"},"inLanguage":"es","potentialAction":[{"@type":"ReadAction","target":["https:\/\/ccsap.mx\/new\/informacion_de_empresa_de_capacitacion\/"]}]},{"@type":"BreadcrumbList","@id":"https:\/\/ccsap.mx\/new\/informacion_de_empresa_de_capacitacion\/#breadcrumb","itemListElement":[{"@type":"ListItem","position":1,"name":"Inicio","item":"https:\/\/ccsap.mx\/new\/"},{"@type":"ListItem","position":2,"name":"Somos"}]},{"@type":"WebSite","@id":"https:\/\/ccsap.mx\/new\/#website","url":"https:\/\/ccsap.mx\/new\/","name":"CCSAP - Consultor\u00eda y Capacitaci\u00f3n en Seguridad y Salud Aplicada","description":"Consultor\u00eda y Capacitaci\u00f3n en Seguridad y Salud Aplicada","publisher":{"@id":"https:\/\/ccsap.mx\/new\/#organization"},"potentialAction":[{"@type":"SearchAction","target":{"@type":"EntryPoint","urlTemplate":"https:\/\/ccsap.mx\/new\/?s={search_term_string}"},"query-input":{"@type":"PropertyValueSpecification","valueRequired":true,"valueName":"search_term_string"}}],"inLanguage":"es"},{"@type":"Organization","@id":"https:\/\/ccsap.mx\/new\/#organization","name":"CCSAP - Consultor\u00eda y capacitaci\u00f3n en seguridad y salud aplicada","url":"https:\/\/ccsap.mx\/new\/","logo":{"@type":"ImageObject","inLanguage":"es","@id":"https:\/\/ccsap.mx\/new\/#\/schema\/logo\/image\/","url":"https:\/\/ccsap.mx\/new\/wp-content\/uploads\/2020\/09\/logo-footer.png","contentUrl":"https:\/\/ccsap.mx\/new\/wp-content\/uploads\/2020\/09\/logo-footer.png","width":284,"height":64,"caption":"CCSAP - Consultor\u00eda y capacitaci\u00f3n en seguridad y salud aplicada"},"image":{"@id":"https:\/\/ccsap.mx\/new\/#\/schema\/logo\/image\/"},"sameAs":["https:\/\/www.facebook.com\/CCSAPConsultoria.Capacitacion","https:\/\/www.instagram.com\/ccsapmx\/"]}]}},"_links":{"self":[{"href":"https:\/\/ccsap.mx\/new\/wp-json\/wp\/v2\/pages\/521","targetHints":{"allow":["GET"]}}],"collection":[{"href":"https:\/\/ccsap.mx\/new\/wp-json\/wp\/v2\/pages"}],"about":[{"href":"https:\/\/ccsap.mx\/new\/wp-json\/wp\/v2\/types\/page"}],"author":[{"embeddable":true,"href":"https:\/\/ccsap.mx\/new\/wp-json\/wp\/v2\/users\/3"}],"replies":[{"embeddable":true,"href":"https:\/\/ccsap.mx\/new\/wp-json\/wp\/v2\/comments?post=521"}],"version-history":[{"count":76,"href":"https:\/\/ccsap.mx\/new\/wp-json\/wp\/v2\/pages\/521\/revisions"}],"predecessor-version":[{"id":4758,"href":"https:\/\/ccsap.mx\/new\/wp-json\/wp\/v2\/pages\/521\/revisions\/4758"}],"wp:attachment":[{"href":"https:\/\/ccsap.mx\/new\/wp-json\/wp\/v2\/media?parent=521"}],"curies":[{"name":"wp","href":"https:\/\/api.w.org\/{rel}","templated":true}]}}